{"id":11020,"date":"2024-03-04T17:22:23","date_gmt":"2024-03-04T17:22:23","guid":{"rendered":"https:\/\/dribblium.com\/devoluciones-y-reembolsos\/"},"modified":"2025-10-30T11:42:46","modified_gmt":"2025-10-30T11:42:46","slug":"devoluciones-y-reembolsos","status":"publish","type":"page","link":"https:\/\/tiki-taka.it\/es\/devoluciones-y-reembolsos\/","title":{"rendered":"Devoluciones y reembolsos"},"content":{"rendered":"[vc_row type=\u00bbin_container\u00bb full_screen_row_position=\u00bbmiddle\u00bb column_margin=\u00bbdefault\u00bb column_direction=\u00bbdefault\u00bb column_direction_tablet=\u00bbdefault\u00bb column_direction_phone=\u00bbdefault\u00bb scene_position=\u00bbcenter\u00bb text_color=\u00bbdark\u00bb text_align=\u00bbleft\u00bb row_border_radius=\u00bbnone\u00bb row_border_radius_applies=\u00bbbg\u00bb overflow=\u00bbvisible\u00bb overlay_strength=\u00bb0.3&#8243; gradient_direction=\u00bbleft_to_right\u00bb shape_divider_position=\u00bbbottom\u00bb bg_image_animation=\u00bbnone\u00bb][vc_column column_padding=\u00bbno-extra-padding\u00bb column_padding_tablet=\u00bbinherit\u00bb column_padding_phone=\u00bbinherit\u00bb column_padding_position=\u00bball\u00bb column_element_direction_desktop=\u00bbdefault\u00bb column_element_spacing=\u00bbdefault\u00bb desktop_text_alignment=\u00bbdefault\u00bb tablet_text_alignment=\u00bbdefault\u00bb phone_text_alignment=\u00bbdefault\u00bb background_color_opacity=\u00bb1&#8243; background_hover_color_opacity=\u00bb1&#8243; column_backdrop_filter=\u00bbnone\u00bb column_shadow=\u00bbnone\u00bb column_border_radius=\u00bbnone\u00bb column_link_target=\u00bb_self\u00bb column_position=\u00bbdefault\u00bb gradient_direction=\u00bbleft_to_right\u00bb overlay_strength=\u00bb0.3&#8243; width=\u00bb1\/1&#8243; tablet_width_inherit=\u00bbdefault\u00bb animation_type=\u00bbdefault\u00bb bg_image_animation=\u00bbnone\u00bb border_type=\u00bbsimple\u00bb column_border_width=\u00bbnone\u00bb column_border_style=\u00bbsolid\u00bb][vc_column_text css=\u00bb\u00bb text_direction=\u00bbdefault\u00bb]\n<h1>Devoluciones, reembolsos y cambios<\/h1>\n<p><strong><br \/>\n<\/strong>Conforme a lo dispuesto en la legislaci\u00f3n aplicable, tienes derecho a desistir de un contrato de venta en un plazo de catorce (14) d\u00edas sin necesidad de justificaci\u00f3n y sin incurrir en gastos, siempre que nos comuniques tu deseo de desistir por carta certificada con acuse de recibo a la direcci\u00f3n indicada en la Secci\u00f3n 18 &#8211; Contacto o por correo electr\u00f3nico a <a href=\"mailto:legal@dribblium.com\">legal@dribblium.com<\/a> en un plazo de 14 d\u00edas a partir de la fecha en que t\u00fa, o un tercero designado por ti (que puede no ser el transportista), tomaste posesi\u00f3n del Producto (en lo sucesivo, \u00abPlazo de desistimiento\u00bb).<\/p>\n<p style=\"padding-left: 40px;\"><strong>1.<\/strong> Dicha notificaci\u00f3n deber\u00e1 especificar tu deseo de desistir de la compra y el Producto para el que pretendes ejercer tu derecho de desistimiento (si lo deseas, puedes utilizar el formulario de desistimiento adjunto a estas Condiciones &#8211; Anexo A). Inmediatamente despu\u00e9s, o en cualquier caso en el plazo de catorce (14) d\u00edas a partir del d\u00eda en que nos notifiques tu intenci\u00f3n de desistir del contrato de compraventa, deber\u00e1s devolver o enviar el Producto en su estado y embalaje originales, con la etiqueta adherida, si la hubiera. El Producto ser\u00e1 devuelto a tu cargo y tu cuenta, si est\u00e1 activada mientras tanto, ser\u00e1 desactivada.  <\/p>\n<p style=\"padding-left: 40px;\"><strong>2.<\/strong> Si desistes de un contrato de venta durante el Per\u00edodo de Desistimiento de conformidad con las presentes Condiciones, te reembolsaremos todas las sumas que nos hayas abonado, a m\u00e1s tardar en el plazo de catorce (14) d\u00edas a partir de la fecha en que hayamos recibido la notificaci\u00f3n de tu desistimiento del presente Contrato. Utilizaremos el mismo m\u00e9todo de pago para dicho reembolso que el que utilizaste para comprar el Producto, a menos que acordemos contigo un m\u00e9todo diferente; en ning\u00fan caso te cobraremos por dicho reembolso. Podremos retener tu reembolso hasta que hayamos recibido el Producto devuelto (que tambi\u00e9n podr\u00e1s enviarnos junto con tu notificaci\u00f3n de desistimiento), o hasta la fecha en que nos hayas proporcionado una prueba de que has devuelto el Producto, lo que ocurra antes.  <\/p>\n<p>Aceptaremos devoluciones hasta 10 d\u00edas despu\u00e9s de la entrega, si el art\u00edculo est\u00e1 sin usar y en su estado original y se entrega a AWRobotics S.r.l., Via Monte Nero 47 Guidonia Montecelio (ROMA). Te reembolsaremos el importe \u00edntegro del pedido menos los gastos de env\u00edo de la devoluci\u00f3n. Si tu pedido llega da\u00f1ado de alg\u00fan modo, env\u00edanos un correo electr\u00f3nico lo antes posible a <a href=\"mailto:info@dribblium.com\">info@dribblium.com<\/a> con el n\u00famero de pedido y una foto del estado del art\u00edculo. Tratamos estos casos caso por caso, pero haremos todo lo posible para llegar a una soluci\u00f3n satisfactoria. Si tienes m\u00e1s preguntas, no dudes en ponerte en contacto con nosotros en <a href=\"mailto:info@dribblium.com\">info@dribblium.com.<\/a>    <\/p>\n<p>Descargar el <a href=\"https:\/\/tiki-taka.it\/wp-content\/uploads\/2024\/02\/Modulo-Recesso.pdf\" target=\"_blank\" rel=\"noopener\">formulario de desistimiento<\/a>[\/vc_column_text][\/vc_column][\/vc_row]\n","protected":false},"excerpt":{"rendered":"<p>[vc_row type=\u00bbin_container\u00bb full_screen_row_position=\u00bbmiddle\u00bb column_margin=\u00bbdefault\u00bb column_direction=\u00bbdefault\u00bb column_direction_tablet=\u00bbdefault\u00bb column_direction_phone=\u00bbdefault\u00bb scene_position=\u00bbcenter\u00bb text_color=\u00bbdark\u00bb text_align=\u00bbleft\u00bb row_border_radius=\u00bbnone\u00bb row_border_radius_applies=\u00bbbg\u00bb overflow=\u00bbvisible\u00bb overlay_strength=\u00bb0.3&#8243; gradient_direction=\u00bbleft_to_right\u00bb shape_divider_position=\u00bbbottom\u00bb bg_image_animation=\u00bbnone\u00bb][vc_column column_padding=\u00bbno-extra-padding\u00bb column_padding_tablet=\u00bbinherit\u00bb column_padding_phone=\u00bbinherit\u00bb column_padding_position=\u00bball\u00bb column_element_direction_desktop=\u00bbdefault\u00bb column_element_spacing=\u00bbdefault\u00bb desktop_text_alignment=\u00bbdefault\u00bb tablet_text_alignment=\u00bbdefault\u00bb phone_text_alignment=\u00bbdefault\u00bb background_color_opacity=\u00bb1&#8243; background_hover_color_opacity=\u00bb1&#8243; column_backdrop_filter=\u00bbnone\u00bb column_shadow=\u00bbnone\u00bb&#8230;<\/p>\n","protected":false},"author":2,"featured_media":0,"parent":0,"menu_order":32,"comment_status":"closed","ping_status":"closed","template":"","meta":{"footnotes":""},"class_list":["post-11020","page","type-page","status-publish"],"_links":{"self":[{"href":"https:\/\/tiki-taka.it\/es\/wp-json\/wp\/v2\/pages\/11020","targetHints":{"allow":["GET"]}}],"collection":[{"href":"https:\/\/tiki-taka.it\/es\/wp-json\/wp\/v2\/pages"}],"about":[{"href":"https:\/\/tiki-taka.it\/es\/wp-json\/wp\/v2\/types\/page"}],"author":[{"embeddable":true,"href":"https:\/\/tiki-taka.it\/es\/wp-json\/wp\/v2\/users\/2"}],"replies":[{"embeddable":true,"href":"https:\/\/tiki-taka.it\/es\/wp-json\/wp\/v2\/comments?post=11020"}],"version-history":[{"count":2,"href":"https:\/\/tiki-taka.it\/es\/wp-json\/wp\/v2\/pages\/11020\/revisions"}],"predecessor-version":[{"id":11028,"href":"https:\/\/tiki-taka.it\/es\/wp-json\/wp\/v2\/pages\/11020\/revisions\/11028"}],"wp:attachment":[{"href":"https:\/\/tiki-taka.it\/es\/wp-json\/wp\/v2\/media?parent=11020"}],"curies":[{"name":"wp","href":"https:\/\/api.w.org\/{rel}","templated":true}]}}