{"id":10955,"date":"2024-02-01T08:40:59","date_gmt":"2024-02-01T08:40:59","guid":{"rendered":"https:\/\/dribblium.com\/preguntas-frecuentes\/"},"modified":"2025-10-30T14:12:11","modified_gmt":"2025-10-30T14:12:11","slug":"preguntas-frecuentes","status":"publish","type":"page","link":"https:\/\/tiki-taka.it\/es\/preguntas-frecuentes\/","title":{"rendered":"PREGUNTAS FRECUENTES"},"content":{"rendered":"[vc_row type=\u00bbfull_width_content\u00bb full_screen_row_position=\u00bbmiddle\u00bb column_margin=\u00bbdefault\u00bb equal_height=\u00bbyes\u00bb column_direction=\u00bbdefault\u00bb column_direction_tablet=\u00bbdefault\u00bb column_direction_phone=\u00bbdefault\u00bb bg_color=\u00bb#000428&#8243; mouse_based_parallax_bg=\u00bbtrue\u00bb scene_position=\u00bbcenter\u00bb text_color=\u00bblight\u00bb text_align=\u00bbleft\u00bb row_border_radius=\u00bbnone\u00bb row_border_radius_applies=\u00bbbg\u00bb overflow=\u00bbvisible\u00bb advanced_gradient=\u00bblinear-gradient(45deg, rgb(0,2,23) 18%, rgb(0,67,149) 49%, rgb(0,2,23) 83%)\u00bb advanced_gradient_angle=\u00bb45&#8243; shape_divider_position=\u00bbbottom\u00bb bg_image_animation=\u00bbnone\u00bb parallax_bg=\u00bbtrue\u00bb parallax_bg_speed=\u00bbfast\u00bb shape_type=\u00bb\u00bb gradient_type=\u00bbadvanced\u00bb advanced_gradient_display_type=\u00bblinear\u00bb][vc_column column_padding=\u00bbno-extra-padding\u00bb column_padding_tablet=\u00bbinherit\u00bb column_padding_phone=\u00bbinherit\u00bb column_padding_position=\u00bbleft-right\u00bb column_element_direction_desktop=\u00bbdefault\u00bb column_element_spacing=\u00bbdefault\u00bb centered_text=\u00bbtrue\u00bb desktop_text_alignment=\u00bbdefault\u00bb tablet_text_alignment=\u00bbdefault\u00bb phone_text_alignment=\u00bbdefault\u00bb sticky_content=\u00bbtrue\u00bb sticky_content_functionality=\u00bbjs\u00bb background_color_opacity=\u00bb0.6&#8243; background_hover_color_opacity=\u00bb1&#8243; video_bg=\u00bbuse_video\u00bb background_video_loading=\u00bbdefault\u00bb column_backdrop_filter=\u00bbnone\u00bb column_shadow=\u00bbnone\u00bb column_border_radius=\u00bbnone\u00bb column_link_target=\u00bb_self\u00bb column_position=\u00bbdefault\u00bb gradient_direction=\u00bbleft_to_right\u00bb overlay_strength=\u00bb0.3&#8243; width=\u00bb1\/1&#8243; tablet_width_inherit=\u00bbdefault\u00bb animation_type=\u00bbdefault\u00bb bg_image_animation=\u00bbnone\u00bb border_type=\u00bbsimple\u00bb column_border_width=\u00bbnone\u00bb column_border_style=\u00bbsolid\u00bb column_padding_type=\u00bbdefault\u00bb gradient_type=\u00bbdefault\u00bb][vc_row_inner column_margin=\u00bbdefault\u00bb column_direction=\u00bbdefault\u00bb column_direction_tablet=\u00bbdefault\u00bb column_direction_phone=\u00bbdefault\u00bb text_align=\u00bbleft\u00bb row_position=\u00bbdefault\u00bb row_position_tablet=\u00bbinherit\u00bb row_position_phone=\u00bbinherit\u00bb overflow=\u00bbvisible\u00bb pointer_events=\u00bball\u00bb][vc_column_inner column_padding=\u00bbpadding-8-percent\u00bb column_padding_tablet=\u00bbinherit\u00bb column_padding_phone=\u00bbinherit\u00bb column_padding_position=\u00bball\u00bb column_element_direction_desktop=\u00bbdefault\u00bb column_element_spacing=\u00bbdefault\u00bb desktop_text_alignment=\u00bbdefault\u00bb tablet_text_alignment=\u00bbdefault\u00bb phone_text_alignment=\u00bbdefault\u00bb background_color=\u00bb#000217&#8243; background_color_opacity=\u00bb0.6&#8243; background_hover_color_opacity=\u00bb1&#8243; video_bg=\u00bbuse_video\u00bb video_mp4=\u00bbhttps:\/\/tiki-taka.it\/wp-content\/uploads\/2024\/01\/lv_0_20240110212150.mp4&#8243; background_video_loading=\u00bbdefault\u00bb column_backdrop_filter=\u00bbnone\u00bb column_shadow=\u00bbnone\u00bb column_border_radius=\u00bbnone\u00bb column_link_target=\u00bb_self\u00bb overflow=\u00bbvisible\u00bb gradient_direction=\u00bbleft_to_right\u00bb overlay_strength=\u00bb0.3&#8243; width=\u00bb1\/1&#8243; tablet_width_inherit=\u00bbdefault\u00bb animation_type=\u00bbdefault\u00bb bg_image_animation=\u00bbnone\u00bb border_type=\u00bbsimple\u00bb column_border_width=\u00bbnone\u00bb column_border_style=\u00bbsolid\u00bb column_padding_type=\u00bbdefault\u00bb gradient_type=\u00bbdefault\u00bb][vc_custom_heading text=\u00bbPREGUNTAS FRECUENTES\u00bb font_container=\u00bbtag:h1|font_size:50|text_align:center|line_height:1&#8243; use_theme_fonts=\u00bbyes\u00bb][divider line_type=\u00bbNo Line\u00bb custom_height=\u00bb5&#8243;][vc_custom_heading text=\u00bbPreguntas m\u00e1s frecuentes\u00bb font_container=\u00bbtag:p|font_size:26|text_align:center|line_height:1.1&#8243; use_theme_fonts=\u00bbyes\u00bb][\/vc_column_inner][\/vc_row_inner][\/vc_column][\/vc_row][vc_row type=\u00bbfull_width_content\u00bb full_screen_row_position=\u00bbmiddle\u00bb column_margin=\u00bbdefault\u00bb equal_height=\u00bbyes\u00bb column_direction=\u00bbdefault\u00bb column_direction_tablet=\u00bbdefault\u00bb column_direction_phone=\u00bbdefault\u00bb bg_color=\u00bb#000428&#8243; mouse_based_parallax_bg=\u00bbtrue\u00bb scene_position=\u00bbcenter\u00bb text_color=\u00bblight\u00bb text_align=\u00bbleft\u00bb row_border_radius=\u00bbnone\u00bb row_border_radius_applies=\u00bbbg\u00bb overflow=\u00bbvisible\u00bb advanced_gradient=\u00bblinear-gradient(45deg, rgb(0,2,23) 18%, rgb(0,67,149) 49%, rgb(0,2,23) 83%)\u00bb advanced_gradient_angle=\u00bb45&#8243; shape_divider_position=\u00bbbottom\u00bb bg_image_animation=\u00bbnone\u00bb parallax_bg=\u00bbtrue\u00bb parallax_bg_speed=\u00bbfast\u00bb shape_type=\u00bb\u00bb gradient_type=\u00bbadvanced\u00bb advanced_gradient_display_type=\u00bblinear\u00bb][vc_column column_padding=\u00bbpadding-10-percent\u00bb column_padding_tablet=\u00bbinherit\u00bb column_padding_phone=\u00bbinherit\u00bb column_padding_position=\u00bbleft-right\u00bb column_element_direction_desktop=\u00bbdefault\u00bb column_element_spacing=\u00bbdefault\u00bb centered_text=\u00bbtrue\u00bb desktop_text_alignment=\u00bbleft\u00bb tablet_text_alignment=\u00bbdefault\u00bb phone_text_alignment=\u00bbdefault\u00bb sticky_content=\u00bbtrue\u00bb sticky_content_functionality=\u00bbjs\u00bb background_color_opacity=\u00bb0.6&#8243; background_hover_color_opacity=\u00bb1&#8243; video_bg=\u00bbuse_video\u00bb background_video_loading=\u00bbdefault\u00bb column_backdrop_filter=\u00bbnone\u00bb column_shadow=\u00bbnone\u00bb column_border_radius=\u00bbnone\u00bb column_link_target=\u00bb_self\u00bb column_position=\u00bbdefault\u00bb gradient_direction=\u00bbleft_to_right\u00bb overlay_strength=\u00bb0.3&#8243; width=\u00bb1\/1&#8243; tablet_width_inherit=\u00bbdefault\u00bb animation_type=\u00bbdefault\u00bb bg_image_animation=\u00bbnone\u00bb border_type=\u00bbsimple\u00bb column_border_width=\u00bbnone\u00bb column_border_style=\u00bbsolid\u00bb column_padding_type=\u00bbdefault\u00bb gradient_type=\u00bbdefault\u00bb][toggles style=\u00bbminimal_shadow\u00bb accordion=\u00bbtrue\u00bb accordion_starting_functionality=\u00bbdefault\u00bb border_radius=\u00bbnone\u00bb][toggle color=\u00bbAccent-Color\u00bb heading_tag=\u00bbh3&#8243; heading_tag_functionality=\u00bbdefault\u00bb title=\u00bb\u00bfC\u00f3mo empezar a utilizar el producto?\u00bb][vc_column_text text_direction=\u00bbdefault\u00bb]- Compra el Mapa de Formaci\u00f3n online<br \/>\n&#8211; Accede a la web-app<br \/>\n&#8211; Reg\u00edstrate introduciendo el c\u00f3digo \u00fanico que recibir\u00e1s por correo electr\u00f3nico<br \/>\n&#8211; Mira los videotutoriales e inicia las sesiones de formaci\u00f3n[\/vc_column_text][\/toggle][toggle color=\u00bbAccent-Color\u00bb heading_tag=\u00bbh3&#8243; heading_tag_functionality=\u00bbdefault\u00bb title=\u00bb\u00bfEs necesario obtener la autorizaci\u00f3n de un padre o tutor para un menor?\u00bb][vc_column_text text_direction=\u00bbdefault\u00bb]\n<p style=\"text-align: left;\">S\u00ed, para utilizar Dribblium, un padre o tutor debe registrar sus datos para que el joven deportista pueda participar en los entrenamientos y desaf\u00edos.<\/p>\n[\/vc_column_text][\/toggle][toggle color=\u00bbAccent-Color\u00bb heading_tag=\u00bbh3&#8243; heading_tag_functionality=\u00bbdefault\u00bb title=\u00bb\u00bfEs un programa de formaci\u00f3n online?\u00bb][vc_column_text text_direction=\u00bbdefault\u00bb]\n<p style=\"text-align: left;\">S\u00ed, toda nuestra formaci\u00f3n es digital y puedes acceder a ella 24\/7,<br \/>\ncon cualquier smartphone\/port\u00e1til\/ordenador de sobremesa\/tableta.<\/p>\n[\/vc_column_text][\/toggle][toggle color=\u00bbAccent-Color\u00bb heading_tag=\u00bbh3&#8243; heading_tag_functionality=\u00bbdefault\u00bb title=\u00bb\u00bfCu\u00e1l es el objetivo de Dribblium?\u00bb][vc_column_text text_direction=\u00bbdefault\u00bb]\n<p style=\"text-align: left;\">El objetivo de Dribblium es ense\u00f1arte a mejorar tu control del bal\u00f3n mientras te diviertes, con sesiones de entrenamiento de f\u00fatbol en casa que te ense\u00f1an la t\u00e9cnica para poder realizar regates legendarios en el terreno de juego. Entrenando con Dribblium mejorar\u00e1s las siguientes caracter\u00edsticas: <\/p>\n<p>&#8211; Regate<br \/>\n&#8211; Control del bal\u00f3n<br \/>\n&#8211; Coordinaci\u00f3n<br \/>\n&#8211; Estabilidad<br \/>\n&#8211; Resistencia<br \/>\n&#8211; Concentraci\u00f3n[\/vc_column_text][\/toggle][toggle color=\u00bbAccent-Color\u00bb heading_tag=\u00bbh3&#8243; heading_tag_functionality=\u00bbdefault\u00bb title=\u00bb\u00bfEs necesario tener experiencia en f\u00fatbol para utilizar Dribblium?\u00bb][vc_column_text text_direction=\u00bbdefault\u00bb]\n<p style=\"text-align: left;\">No, Dribblium es adecuado para jugadores de todas las edades y niveles de experiencia. El programa de entrenamiento comienza con ejercicios b\u00e1sicos y progresa gradualmente hacia t\u00e9cnicas m\u00e1s avanzadas, permitiendo que todos aprendan y mejoren. <\/p>\n[\/vc_column_text][\/toggle][toggle color=\u00bbAccent-Color\u00bb heading_tag=\u00bbh3&#8243; heading_tag_functionality=\u00bbdefault\u00bb title=\u00bb\u00bfDribblium es compatible con dispositivos m\u00f3viles, ordenadores y televisores?\u00bb][vc_column_text text_direction=\u00bbdefault\u00bb]\n<p style=\"text-align: left;\">S\u00ed, la aplicaci\u00f3n web de Dribblium es compatible con dispositivos m\u00f3viles y ordenadores, lo que te permite acceder a videotutoriales y otras funciones del juego en diferentes plataformas. Con la funci\u00f3n de espejo de pantalla, puedes compartir la experiencia en cualquier televisor. <\/p>\n[\/vc_column_text][\/toggle][toggle color=\u00bbAccent-Color\u00bb heading_tag=\u00bbh3&#8243; heading_tag_functionality=\u00bbdefault\u00bb title=\u00bb\u00bfCu\u00e1les son los elementos del kit de entrenamiento\/juego Dribblium?\u00bb][vc_column_text text_direction=\u00bbdefault\u00bb]\n<p style=\"text-align: left;\">El kit de entrenamiento\/juego Dribblium consta de dos elementos principales:<\/p>\n<p>&#8211; Mapa de entrenamiento, representado en la alfombrilla multifuncional incluida en la compra del juego<br \/>\n&#8211; Las lecciones se imparten mediante videotutoriales que describen los movimientos que hay que realizar en el Mapa de entrenamiento.[\/vc_column_text][\/toggle][toggle color=\u00bbAccent-Color\u00bb heading_tag=\u00bbh3&#8243; heading_tag_functionality=\u00bbdefault\u00bb title=\u00bb\u00bfQu\u00e9 incluye el producto?\u00bb][vc_column_text text_direction=\u00bbdefault\u00bb]- <strong> Mapa de entrenamiento<\/strong> &#8211; de alta calidad, resistente a la fricci\u00f3n y f\u00e1cil de lavar;<br \/>\n<strong>&#8211; Aplicaci\u00f3n web Dribblium<\/strong> &#8211; para entrenar y supervisar tus t\u00e9cnicas de f\u00fatbol con control del bal\u00f3n;<br \/>\n<strong>&#8211; +100 sesiones de entrenamiento <\/strong>&#8211; cada v\u00eddeo permite a los jugadores comprender y dominar la t\u00e9cnica presentada;<br \/>\n<strong>&#8211; Hoja de evaluaci\u00f3n TABS para ojeadores <\/strong>&#8211; para tener la oportunidad de llamar la atenci\u00f3n;<br \/>\n &#8211; Cuerda de<strong> transporte y estiramiento <\/strong>&#8211; utiliza la cuerda para transportar tu alfombrilla donde quieras y para tus sesiones de estiramiento.[\/vc_column_text][\/toggle][toggle color=\u00bbAccent-Color\u00bb heading_tag=\u00bbh3&#8243; heading_tag_functionality=\u00bbdefault\u00bb title=\u00bb\u00bfNecesitas mucho espacio para entrenar con Dribblium?\u00bb][vc_column_text text_direction=\u00bbdefault\u00bb]\n<p style=\"text-align: left;\">El Mapa de Entrenamiento est\u00e1 dise\u00f1ado para ser utilizado en un espacio reducido. El Mapa de Entrenamiento tiene unas dimensiones de 150x90cm <\/p>\n[\/vc_column_text][\/toggle][toggle color=\u00bbAccent-Color\u00bb heading_tag=\u00bbh3&#8243; heading_tag_functionality=\u00bbdefault\u00bb title=\u00bb\u00bfSe puede utilizar Dribblium en grupo o s\u00f3lo individualmente?\u00bb][vc_column_text text_direction=\u00bbdefault\u00bb]\n<p style=\"text-align: left;\">Dribblium est\u00e1 dise\u00f1ado principalmente para el entrenamiento individual, pero tambi\u00e9n puede utilizarse en grupos para retos amistosos y sesiones de entrenamiento compartidas.<\/p>\n[\/vc_column_text][\/toggle][toggle color=\u00bbAccent-Color\u00bb heading_tag=\u00bbh3&#8243; heading_tag_functionality=\u00bbdefault\u00bb title=\u00bb\u00bfQu\u00e9 caracter\u00edsticas tiene el Mapa de entrenamiento?\u00bb][vc_column_text text_direction=\u00bbdefault\u00bb]\n<p style=\"text-align: left;\">La alfombrilla tiene las siguientes caracter\u00edsticas:<\/p>\n<p>&#8211; Base antideslizante e impermeable<br \/>\n&#8211; Parte superior de tejido absorbente<br \/>\n&#8211; Medidas: 150x90cm<br \/>\n&#8211; Lavable con una esponja h\u00fameda y jab\u00f3n de PH neutro o en lavadora a 30 grados.<br \/>\nSe recomienda limpiarlo con una aspiradora o un cepillo. No se recomienda el uso de productos qu\u00edmicos. No se recomienda utilizar chorros de agua ni limpiadores de vapor.[\/vc_column_text][\/toggle][toggle color=\u00bbAccent-Color\u00bb heading_tag=\u00bbh3&#8243; heading_tag_functionality=\u00bbdefault\u00bb title=\u00bbHE VISTO ALFOMBRAS SIMILARES a la de DRIBBLIUM, \u00bfcu\u00e1l es la diferencia?  \u00ab][vc_column_text text_direction=\u00bbdefault\u00bb]No te limites a evaluar s\u00f3lo una caracter\u00edstica visual: igual que un coche deportivo se diferencia de un utilitario aunque ambos tengan cuatro ruedas, nuestra alfombrilla con su programa de entrenamiento crea una nueva experiencia en la que el compromiso del ni\u00f1o es el eje fundamental para estimularle a jugar cada d\u00eda y crear un h\u00e1bito positivo de entrenamiento integrador de 20 minutos, quit\u00e1ndole tiempo al m\u00f3vil.<br \/>\nDribblium se distingue de sus competidores gracias a una serie de caracter\u00edsticas \u00fanicas. He aqu\u00ed las principales diferencias: <\/p>\n<p><strong>1. Tama\u00f1o y calidad de la alfombra (mapa de formaci\u00f3n):<\/strong><\/p>\n<p>Dimensiones: Comprueba si la alfombra de la competencia tiene el mismo tama\u00f1o generoso que Dribblium (150&#215;90 cm) o si es m\u00e1s peque\u00f1a.<br \/>\nCertificaciones y seguridad: La alfombra de Dribblium tiene la certificaci\u00f3n CE, es ign\u00edfuga y no contiene pl\u00e1sticos, lo que garantiza su seguridad y calidad.<br \/>\nAntideslizante y certificaci\u00f3n: Dribblium ofrece una alfombra antideslizante, con certificaci\u00f3n y una ficha t\u00e9cnica detallada que incluye el etiquetado de los lotes de producci\u00f3n.<\/p>\n<p><strong>2. Programa de entrenamiento (Exergame):<\/strong><\/p>\n<p>Lecciones en v\u00eddeo de alta calidad: Las lecciones de Dribblium est\u00e1n desarrolladas por campeones mundiales en su campo, y ofrecen m\u00e1s de 100 ejercicios diferenciados.<br \/>\nPlataforma de formaci\u00f3n interactiva: Dribblium te permite subir tus propios v\u00eddeos de formaci\u00f3n y crear un v\u00eddeo-CV \u00fanico.<br \/>\nOportunidades profesionales: Ofrece la posibilidad de llamar la atenci\u00f3n de los cazatalentos y recibir invitaciones a pruebas en equipos profesionales.<br \/>\nGamificaci\u00f3n del entrenamiento: La experiencia de entrenamiento se estructura como un videojuego, con la obtenci\u00f3n de cr\u00e9ditos, trofeos y la posibilidad de avanzar en una carrera deportiva.<br \/>\nClasificaci\u00f3n personalizada: La plataforma proporciona una clasificaci\u00f3n por edad y sexo, haciendo que la competici\u00f3n sea justa y desafiante.<br \/>\nMapeo y seguimiento de resultados: Dribblium ofrece un sistema de mapeo de resultados para cada entrenamiento, que te permite realizar un seguimiento del progreso, la frecuencia de los ejercicios y autoevaluar tu rendimiento.<br \/>\nInteracci\u00f3n social: Similar a una red social, Dribblium te permite recibir elogios de la comunidad por tus entrenamientos, aumentando el compromiso y la motivaci\u00f3n.<\/p>\n<p>En resumen, Dribblium no es s\u00f3lo una alfombrilla de entrenamiento de f\u00fatbol, sino un ecosistema completo que combina tecnolog\u00eda avanzada, interactividad y oportunidades profesionales, ofreciendo una experiencia de entrenamiento \u00fanica que va m\u00e1s all\u00e1 del mero ejercicio, centr\u00e1ndose en el compromiso, el crecimiento personal y las oportunidades en el mundo del f\u00fatbol profesional. Estas caracter\u00edsticas lo diferencian de los productos de la competencia, convirti\u00e9ndolo en un aut\u00e9ntico \u00abjuego de f\u00fatbol de talentos\u00bb que ofrece un mundo de entrenamiento innovador con implicaciones en el mundo real para el rendimiento futbol\u00edstico durante los partidos.[\/vc_column_text][\/toggle][\/toggles][\/vc_column][\/vc_row]\n","protected":false},"excerpt":{"rendered":"<p>[vc_row type=\u00bbfull_width_content\u00bb full_screen_row_position=\u00bbmiddle\u00bb column_margin=\u00bbdefault\u00bb equal_height=\u00bbyes\u00bb column_direction=\u00bbdefault\u00bb column_direction_tablet=\u00bbdefault\u00bb column_direction_phone=\u00bbdefault\u00bb bg_color=\u00bb#000428&#8243; mouse_based_parallax_bg=\u00bbtrue\u00bb scene_position=\u00bbcenter\u00bb text_color=\u00bblight\u00bb text_align=\u00bbleft\u00bb row_border_radius=\u00bbnone\u00bb row_border_radius_applies=\u00bbbg\u00bb overflow=\u00bbvisible\u00bb advanced_gradient=\u00bblinear-gradient(45deg, rgb(0,2,23) 18%, rgb(0,67,149) 49%, rgb(0,2,23) 83%)\u00bb advanced_gradient_angle=\u00bb45&#8243; shape_divider_position=\u00bbbottom\u00bb bg_image_animation=\u00bbnone\u00bb parallax_bg=\u00bbtrue\u00bb parallax_bg_speed=\u00bbfast\u00bb shape_type=\u00bb\u00bb gradient_type=\u00bbadvanced\u00bb&#8230;<\/p>\n","protected":false},"author":2,"featured_media":0,"parent":0,"menu_order":16,"comment_status":"closed","ping_status":"closed","template":"","meta":{"footnotes":""},"class_list":["post-10955","page","type-page","status-publish"],"_links":{"self":[{"href":"https:\/\/tiki-taka.it\/es\/wp-json\/wp\/v2\/pages\/10955","targetHints":{"allow":["GET"]}}],"collection":[{"href":"https:\/\/tiki-taka.it\/es\/wp-json\/wp\/v2\/pages"}],"about":[{"href":"https:\/\/tiki-taka.it\/es\/wp-json\/wp\/v2\/types\/page"}],"author":[{"embeddable":true,"href":"https:\/\/tiki-taka.it\/es\/wp-json\/wp\/v2\/users\/2"}],"replies":[{"embeddable":true,"href":"https:\/\/tiki-taka.it\/es\/wp-json\/wp\/v2\/comments?post=10955"}],"version-history":[{"count":3,"href":"https:\/\/tiki-taka.it\/es\/wp-json\/wp\/v2\/pages\/10955\/revisions"}],"predecessor-version":[{"id":10962,"href":"https:\/\/tiki-taka.it\/es\/wp-json\/wp\/v2\/pages\/10955\/revisions\/10962"}],"wp:attachment":[{"href":"https:\/\/tiki-taka.it\/es\/wp-json\/wp\/v2\/media?parent=10955"}],"curies":[{"name":"wp","href":"https:\/\/api.w.org\/{rel}","templated":true}]}}