{"id":10954,"date":"2024-02-19T09:11:07","date_gmt":"2024-02-19T09:11:07","guid":{"rendered":"https:\/\/dribblium.com\/politica-de-cookies\/"},"modified":"2025-10-30T14:12:31","modified_gmt":"2025-10-30T14:12:31","slug":"politica-de-cookies","status":"publish","type":"page","link":"https:\/\/tiki-taka.it\/es\/politica-de-cookies\/","title":{"rendered":"pol\u00edtica de cookies"},"content":{"rendered":"<h1>Informaci\u00f3n sobre el tratamiento de datos personales ex art. 13-14 Reg. UE 2016\/679<\/h1>\n<p>&nbsp;<\/p>\n<h3>Interesados: Navegantes del portal www.dribblium.com.<\/h3>\n<p>Dribblium S.r.l., en su calidad de Responsable del Tratamiento de tus datos personales, de conformidad y a los efectos del Reg. UE 2016\/679 en adelante \u00abGDPR\u00bb, te informa de que la citada legislaci\u00f3n prev\u00e9 la protecci\u00f3n de los interesados en relaci\u00f3n con el tratamiento de sus datos personales y que dicho tratamiento se basar\u00e1 en los principios de correcci\u00f3n, licitud, transparencia y protecci\u00f3n de tu confidencialidad y derechos.<\/p>\n<p>Tus datos personales se tratar\u00e1n de acuerdo con las disposiciones legales de la legislaci\u00f3n mencionada y las obligaciones de confidencialidad de la misma.<\/p>\n<p>Finalidades y fundamento jur\u00eddico del tratamiento: en particular, tus datos se utilizar\u00e1n para las siguientes finalidades relacionadas con la ejecuci\u00f3n de medidas vinculadas a obligaciones contractuales o precontractuales:<\/p>\n<ul>\n<li>gesti\u00f3n de cookies necesarias para el portal (las cookies t\u00e9cnicas son indispensables para el buen funcionamiento del portal y se utilizan con el \u00fanico fin de gestionar diversos servicios vinculados al portal, como el inicio de sesi\u00f3n).<\/li>\n<\/ul>\n<p>M\u00e9todo de tratamiento. Tus datos personales pueden ser procesados de las siguientes maneras: <\/p>\n<ul>\n<li>mediante ordenadores electr\u00f3nicos que utilizan sistemas de software gestionados por terceros;<\/li>\n<li>por medio de ordenadores electr\u00f3nicos que utilicen sistemas de software directamente gestionados o programados.<\/li>\n<\/ul>\n<p>Todo el procesamiento se lleva a cabo de conformidad con los m\u00e9todos establecidos en los art\u00edculos 6 y 32 del GDPR y mediante la adopci\u00f3n de medidas de seguridad adecuadas.<\/p>\n<p>Tus datos s\u00f3lo ser\u00e1n tratados por personal expresamente autorizado por el Responsable del Tratamiento y, en particular, por las siguientes categor\u00edas de personal autorizado:<\/p>\n<ul>\n<li>operadores internos para gestionar el portal web.<\/li>\n<\/ul>\n<p>Comunicaci\u00f3n: tus datos podr\u00e1n ser comunicados a terceros para la correcta gesti\u00f3n de la relaci\u00f3n y, en particular, a las siguientes categor\u00edas de Destinatarios, incluidos todos los Encargados del Tratamiento debidamente designados:<\/p>\n<ul>\n<li>proveedor de servicios web para la gesti\u00f3n y el mantenimiento de la plataforma.<\/li>\n<\/ul>\n<p>Difusi\u00f3n: Tus datos personales no ser\u00e1n difundidos de ninguna manera.<\/p>\n<p>Per\u00edodo de conservaci\u00f3n. Te informamos de que, de conformidad con los principios de licitud, limitaci\u00f3n de la finalidad y minimizaci\u00f3n de datos, en virtud del art\u00edculo 5 del RGPD, el periodo de conservaci\u00f3n de tus datos personales es:  <\/p>\n<ul>\n<li>Sesi\u00f3n: PHP.net.<\/li>\n<\/ul>\n<p>Gesti\u00f3n de cookies: Si tienes alguna duda o preocupaci\u00f3n sobre el uso de cookies, siempre puedes tomar medidas para evitar que se instalen y se lean, por ejemplo, cambiando la configuraci\u00f3n de privacidad de tu navegador para bloquear ciertos tipos de cookies.<\/p>\n<p>Dado que cada navegador -y a menudo diferentes versiones del mismo navegador- tambi\u00e9n difieren considerablemente entre s\u00ed, si prefieres actuar de forma independiente a trav\u00e9s de las preferencias de tu navegador, puedes encontrar informaci\u00f3n detallada sobre el procedimiento necesario en la ayuda de tu navegador. Para obtener una visi\u00f3n general de c\u00f3mo actuar para los navegadores m\u00e1s comunes, visita www.cookiepedia.co.uk. <\/p>\n<p>Las empresas de publicidad tambi\u00e9n te permiten optar por no recibir anuncios dirigidos si as\u00ed lo deseas. Esto no impide la instalaci\u00f3n de cookies, pero detiene el uso y la recopilaci\u00f3n de determinados datos por parte de estas empresas. <\/p>\n<p>Para obtener m\u00e1s informaci\u00f3n y excluirte, visita www.youronlinechoices.eu\/.<\/p>\n<p>Responsable del tratamiento: El Responsable del tratamiento, de conformidad con la Ley, es Dribblium S.r.l. (via Giordano Bruno 15, 20154, Mil\u00e1n (MI), NIF 13213410965).<\/p>\n<p>Tienes derecho a obtener del responsable del tratamiento la supresi\u00f3n (derecho al olvido), la limitaci\u00f3n, la actualizaci\u00f3n, la rectificaci\u00f3n, la portabilidad, la oposici\u00f3n al tratamiento de los datos personales que te conciernen, as\u00ed como, en general, puedes ejercer todos los derechos previstos en los art\u00edculos 15, 16, 17, 18, 19, 20, 21, 22 del RGPD.<\/p>\n<h3>Reg. UE 2016\/679: Arts. 15, 16, 17, 18, 19, 20, 21, 22 &#8211; Derechos del interesado<\/h3>\n<p>1. El interesado tendr\u00e1 derecho a obtener la confirmaci\u00f3n de la existencia o inexistencia de datos personales que le conciernan, aunque a\u00fan no hayan sido registrados, su comunicaci\u00f3n en forma inteligible y la posibilidad de presentar una reclamaci\u00f3n ante la Autoridad de Control.<\/p>\n<p style=\"padding-left: 40px;\">2. El interesado tiene derecho a ser informado:<\/p>\n<p style=\"padding-left: 40px;\">a. el origen de los datos personales; <\/p>\n<p style=\"padding-left: 40px;\">b. los fines y m\u00e9todos del tratamiento; <\/p>\n<p style=\"padding-left: 40px;\">c. la l\u00f3gica aplicada en caso de tratamiento efectuado con ayuda de instrumentos electr\u00f3nicos; <\/p>\n<p style=\"padding-left: 40px;\">d. los datos de identificaci\u00f3n del titular, de las personas responsables y del representante designado en virtud del art\u00edculo 5, apartado 2;<\/p>\n<p style=\"padding-left: 40px;\">e. los sujetos o categor\u00edas de sujetos a los que los datos personales pueden ser comunicados o que pueden tener conocimiento de ellos en calidad de representante designado en el territorio del Estado, de responsables o encargados. <\/p>\n<p>3. El interesado tiene derecho a obtener:<\/p>\n<p style=\"padding-left: 40px;\">a. actualizaci\u00f3n, rectificaci\u00f3n o, en su caso, integraci\u00f3n de los datos; <\/p>\n<p style=\"padding-left: 40px;\">b. la cancelaci\u00f3n, la transformaci\u00f3n en forma an\u00f3nima o el bloqueo de los datos tratados il\u00edcitamente, incluidos aquellos cuya conservaci\u00f3n sea innecesaria para los fines para los que fueron recogidos o posteriormente tratados;<br \/>\nc. certificaci\u00f3n de que las operaciones previstas en las letras a) y b) anteriores han sido notificadas, tambi\u00e9n en relaci\u00f3n con su contenido, a las entidades a las que se comunicaron o difundieron los datos, a menos que este requisito resulte imposible o suponga un esfuerzo manifiestamente desproporcionado en comparaci\u00f3n con el derecho que se pretende proteger;<br \/>\nd. portabilidad de los datos.    <\/p>\n<p>4. El interesado tiene derecho a oponerse, total o parcialmente:<\/p>\n<p style=\"padding-left: 40px;\">a. por motivos leg\u00edtimos al tratamiento de los datos personales que le conciernen, aunque sean pertinentes a la finalidad de la recogida; <\/p>\n<p style=\"padding-left: 40px;\">b. el tratamiento de datos personales que le conciernan con fines de env\u00edo de material publicitario o de venta directa o para la realizaci\u00f3n de estudios de mercado o de comunicaci\u00f3n comercial. <\/p>\n","protected":false},"excerpt":{"rendered":"<p>Informaci\u00f3n sobre el tratamiento de datos personales ex art. 13-14 Reg. UE 2016\/679 &nbsp; Interesados: Navegantes del portal www.dribblium.com. Dribblium S.r.l., en su calidad de Responsable del Tratamiento de tus&#8230;<\/p>\n","protected":false},"author":2,"featured_media":0,"parent":0,"menu_order":50,"comment_status":"closed","ping_status":"closed","template":"","meta":{"footnotes":""},"class_list":["post-10954","page","type-page","status-publish"],"_links":{"self":[{"href":"https:\/\/tiki-taka.it\/es\/wp-json\/wp\/v2\/pages\/10954","targetHints":{"allow":["GET"]}}],"collection":[{"href":"https:\/\/tiki-taka.it\/es\/wp-json\/wp\/v2\/pages"}],"about":[{"href":"https:\/\/tiki-taka.it\/es\/wp-json\/wp\/v2\/types\/page"}],"author":[{"embeddable":true,"href":"https:\/\/tiki-taka.it\/es\/wp-json\/wp\/v2\/users\/2"}],"replies":[{"embeddable":true,"href":"https:\/\/tiki-taka.it\/es\/wp-json\/wp\/v2\/comments?post=10954"}],"version-history":[{"count":1,"href":"https:\/\/tiki-taka.it\/es\/wp-json\/wp\/v2\/pages\/10954\/revisions"}],"predecessor-version":[{"id":10956,"href":"https:\/\/tiki-taka.it\/es\/wp-json\/wp\/v2\/pages\/10954\/revisions\/10956"}],"wp:attachment":[{"href":"https:\/\/tiki-taka.it\/es\/wp-json\/wp\/v2\/media?parent=10954"}],"curies":[{"name":"wp","href":"https:\/\/api.w.org\/{rel}","templated":true}]}}