{"id":10946,"date":"2024-02-14T10:38:16","date_gmt":"2024-02-14T10:38:16","guid":{"rendered":"https:\/\/dribblium.com\/dossier-tecnico\/"},"modified":"2025-10-30T14:13:55","modified_gmt":"2025-10-30T14:13:55","slug":"dossier-tecnico","status":"publish","type":"page","link":"https:\/\/tiki-taka.it\/es\/dossier-tecnico\/","title":{"rendered":"Dossier t\u00e9cnico"},"content":{"rendered":"[vc_row type=\u00bbfull_width_content\u00bb full_screen_row_position=\u00bbmiddle\u00bb column_margin=\u00bbdefault\u00bb equal_height=\u00bbyes\u00bb column_direction=\u00bbdefault\u00bb column_direction_tablet=\u00bbdefault\u00bb column_direction_phone=\u00bbdefault\u00bb bg_color=\u00bb#000428&#8243; mouse_based_parallax_bg=\u00bbtrue\u00bb scene_position=\u00bbcenter\u00bb text_color=\u00bblight\u00bb text_align=\u00bbleft\u00bb row_border_radius=\u00bbnone\u00bb row_border_radius_applies=\u00bbbg\u00bb overflow=\u00bbvisible\u00bb advanced_gradient=\u00bblinear-gradient(45deg, rgb(0,2,23) 18%, rgb(0,67,149) 49%, rgb(0,2,23) 83%)\u00bb advanced_gradient_angle=\u00bb45&#8243; shape_divider_position=\u00bbbottom\u00bb bg_image_animation=\u00bbnone\u00bb parallax_bg=\u00bbtrue\u00bb parallax_bg_speed=\u00bbfast\u00bb shape_type=\u00bb\u00bb gradient_type=\u00bbadvanced\u00bb advanced_gradient_display_type=\u00bblinear\u00bb][vc_column column_padding=\u00bbno-extra-padding\u00bb column_padding_tablet=\u00bbinherit\u00bb column_padding_phone=\u00bbinherit\u00bb column_padding_position=\u00bball\u00bb column_element_direction_desktop=\u00bbdefault\u00bb column_element_spacing=\u00bbdefault\u00bb centered_text=\u00bbtrue\u00bb desktop_text_alignment=\u00bbdefault\u00bb tablet_text_alignment=\u00bbdefault\u00bb phone_text_alignment=\u00bbdefault\u00bb sticky_content=\u00bbtrue\u00bb sticky_content_functionality=\u00bbjs\u00bb background_color_opacity=\u00bb0.6&#8243; background_hover_color_opacity=\u00bb1&#8243; video_bg=\u00bbuse_video\u00bb background_video_loading=\u00bbdefault\u00bb column_backdrop_filter=\u00bbnone\u00bb column_shadow=\u00bbnone\u00bb column_border_radius=\u00bbnone\u00bb column_link_target=\u00bb_self\u00bb column_position=\u00bbdefault\u00bb gradient_direction=\u00bbleft_to_right\u00bb overlay_strength=\u00bb0.3&#8243; width=\u00bb1\/1&#8243; tablet_width_inherit=\u00bbdefault\u00bb animation_type=\u00bbdefault\u00bb bg_image_animation=\u00bbnone\u00bb border_type=\u00bbsimple\u00bb column_border_width=\u00bbnone\u00bb column_border_style=\u00bbsolid\u00bb column_padding_type=\u00bbdefault\u00bb gradient_type=\u00bbdefault\u00bb][vc_row_inner column_margin=\u00bbdefault\u00bb column_direction=\u00bbdefault\u00bb column_direction_tablet=\u00bbdefault\u00bb column_direction_phone=\u00bbdefault\u00bb text_align=\u00bbleft\u00bb row_position=\u00bbdefault\u00bb row_position_tablet=\u00bbinherit\u00bb row_position_phone=\u00bbinherit\u00bb overflow=\u00bbvisible\u00bb pointer_events=\u00bball\u00bb][vc_column_inner column_padding=\u00bbpadding-8-percent\u00bb column_padding_tablet=\u00bbinherit\u00bb column_padding_phone=\u00bbinherit\u00bb column_padding_position=\u00bball\u00bb column_element_direction_desktop=\u00bbdefault\u00bb column_element_spacing=\u00bbdefault\u00bb desktop_text_alignment=\u00bbdefault\u00bb tablet_text_alignment=\u00bbdefault\u00bb phone_text_alignment=\u00bbdefault\u00bb background_color=\u00bb#000217&#8243; background_color_opacity=\u00bb0.6&#8243; background_hover_color_opacity=\u00bb1&#8243; video_bg=\u00bbuse_video\u00bb video_mp4=\u00bbhttps:\/\/tiki-taka.it\/wp-content\/uploads\/2024\/01\/lv_0_20240110212150.mp4&#8243; background_video_loading=\u00bbdefault\u00bb column_backdrop_filter=\u00bbnone\u00bb column_shadow=\u00bbnone\u00bb column_border_radius=\u00bbnone\u00bb column_link_target=\u00bb_self\u00bb overflow=\u00bbvisible\u00bb gradient_direction=\u00bbleft_to_right\u00bb overlay_strength=\u00bb0.3&#8243; width=\u00bb1\/1&#8243; tablet_width_inherit=\u00bbdefault\u00bb animation_type=\u00bbdefault\u00bb bg_image_animation=\u00bbnone\u00bb border_type=\u00bbsimple\u00bb column_border_width=\u00bbnone\u00bb column_border_style=\u00bbsolid\u00bb column_padding_type=\u00bbdefault\u00bb gradient_type=\u00bbdefault\u00bb][vc_custom_heading text=\u00bbCaracter\u00edsticas del producto\u00bb font_container=\u00bbtag:h1|font_size:50|text_align:center|line_height:1&#8243; use_theme_fonts=\u00bbyes\u00bb][\/vc_column_inner][\/vc_row_inner][vc_row_inner equal_height=\u00bbyes\u00bb column_margin=\u00bbdefault\u00bb column_direction=\u00bbdefault\u00bb column_direction_tablet=\u00bbdefault\u00bb column_direction_phone=\u00bbdefault\u00bb text_align=\u00bbleft\u00bb row_position=\u00bbdefault\u00bb row_position_tablet=\u00bbinherit\u00bb row_position_phone=\u00bbinherit\u00bb overflow=\u00bbvisible\u00bb pointer_events=\u00bball\u00bb][vc_column_inner top_padding_desktop=\u00bb5%\u00bb constrain_group_100=\u00bbyes\u00bb bottom_padding_desktop=\u00bb5%\u00bb left_padding_desktop=\u00bb8%\u00bb constrain_group_101=\u00bbyes\u00bb right_padding_desktop=\u00bb8%\u00bb column_element_direction_desktop=\u00bbdefault\u00bb column_element_spacing=\u00bbdefault\u00bb desktop_text_alignment=\u00bbleft\u00bb tablet_text_alignment=\u00bbdefault\u00bb phone_text_alignment=\u00bbdefault\u00bb background_color_opacity=\u00bb1&#8243; background_hover_color_opacity=\u00bb1&#8243; column_backdrop_filter=\u00bbnone\u00bb column_shadow=\u00bbnone\u00bb column_border_radius=\u00bbnone\u00bb column_link_target=\u00bb_self\u00bb overflow=\u00bbvisible\u00bb gradient_direction=\u00bbleft_to_right\u00bb overlay_strength=\u00bb0.3&#8243; width=\u00bb1\/1&#8243; tablet_width_inherit=\u00bbdefault\u00bb animation_type=\u00bbdefault\u00bb bg_image_animation=\u00bbnone\u00bb border_type=\u00bbsimple\u00bb column_border_width=\u00bbnone\u00bb column_border_style=\u00bbsolid\u00bb column_padding_type=\u00bbadvanced\u00bb gradient_type=\u00bbdefault\u00bb][vc_custom_heading text=\u00bbFicha t\u00e9cnica\u00bb font_container=\u00bbtag:h1|font_size:34|text_align:left|color:%2302ff66|line_height:1&#8243; use_theme_fonts=\u00bbyes\u00bb css_animation=\u00bbfadeInUp\u00bb][divider line_type=\u00bbNo Line\u00bb custom_height=\u00bb30&#8243;][vc_column_text css_animation=\u00bbfadeInUp\u00bb css=\u00bb\u00bb text_direction=\u00bbdefault\u00bb]\n<p style=\"text-align: left;\"><strong>1 &#8211; Nombre comercial<\/strong>: DRIBBLIUM<\/p>\n<p style=\"text-align: left;\"><strong>2 &#8211; Descripci\u00f3n del producto<\/strong>: Consiste en un kit de formaci\u00f3n<\/p>\n<p style=\"padding-left: 40px; text-align: left;\"><strong>2.1<\/strong> Mapa de entrenamiento<br \/>\nEl mapa de entrenamiento est\u00e1 dise\u00f1ado para facilitar y agilizar el aprendizaje de los movimientos t\u00e9cnicos. Con la ayuda de las flechas y los n\u00fameros de la alfombrilla, puedes aprender los movimientos t\u00e9cnicos individuales m\u00e1s f\u00e1cil y r\u00e1pidamente. <\/p>\n<p style=\"padding-left: 40px; text-align: left;\"><strong>2.2 Web App<\/strong><br \/>\nLas lecciones se imparten mediante videotutoriales en la web app de Dribblium y describen los movimientos a realizar en el mapa de entrenamiento. Cada entrenamiento desbloquear\u00e1 otro, pasando as\u00ed de una t\u00e9cnica a otra con el objetivo de que domines al m\u00e1ximo la habilidad t\u00e9cnica para controlar el bal\u00f3n. <\/p>\n<p style=\"text-align: left;\"><strong>3 &#8211; An\u00e1lisis de riesgos del producto mapa de formaci\u00f3n (mat):<\/strong><\/p>\n<ul style=\"text-align: left;\">\n<li>Riesgo mec\u00e1nico<\/li>\n<li>Riesgo de atrapamiento: bajo<\/li>\n<li>Asfixia, aspiraci\u00f3n o ingesti\u00f3n: baja<\/li>\n<li>Pinchazos o laceraciones: bajo<\/li>\n<li>Riesgo qu\u00edmico: bajo<\/li>\n<li>Riesgo de calor y llamas: bajo<\/li>\n<\/ul>\n<p style=\"text-align: left;\"><strong>4 &#8211; Manual de instrucciones, de complejidad y tama\u00f1o suficientes para permitir que el producto se utilice sin riesgo o con un riesgo m\u00ednimo:<\/strong><\/p>\n<ul>\n<li style=\"text-align: left;\">Coloca la alfombra sobre una superficie lisa y limpia, sin rugosidades evidentes.<\/li>\n<li style=\"text-align: left;\">Deja espacio suficiente alrededor del per\u00edmetro de la propia esterilla para garantizar un espacio adecuado para los ejercicios.<\/li>\n<li style=\"text-align: left;\">Aseg\u00farate de que la superficie de alta fricci\u00f3n sea integral con el pavimento subyacente.<\/li>\n<li style=\"text-align: left;\">Aspirar diariamente la esterilla mantendr\u00e1 el tejido como nuevo durante m\u00e1s tiempo. Cuanto m\u00e1s limpia est\u00e9 la esterilla, m\u00e1s eficaz ser\u00e1. <\/li>\n<li style=\"text-align: left;\">Las manchas persistentes pueden enjabonarse con productos no agresivos y aclararse con agua tibia limpia.<\/li>\n<li style=\"text-align: left;\">Seca en plano y lejos del sol.<\/li>\n<li style=\"text-align: left;\">Se puede lavar a m\u00e1quina en ciclo delicado (bajas revoluciones y temperatura no superior a 30 \u00b0C) sin centrifugado.<\/li>\n<li style=\"text-align: left;\">No utilices lej\u00eda ni productos agresivos.<\/li>\n<li style=\"text-align: left;\">No lo metas en la secadora.<\/li>\n<li style=\"text-align: left;\">Almacenar a temperaturas entre 5 y 40\u00b0C<\/li>\n<\/ul>\n<p style=\"text-align: left;\"><strong>5 &#8211; Etiqueta y caracter\u00edsticas principales del<\/strong> producto: aparecen en el propio producto.<\/p>\n<p style=\"text-align: left;\"><strong>6 &#8211; informaci\u00f3n sobre componentes, materias primas:<\/strong><\/p>\n<ul style=\"text-align: left;\">\n<li>100% Poliamida<\/li>\n<li>Sin AZO<\/li>\n<li>Cfl-s1 ign\u00edfugo<\/li>\n<li>100% sin PVC<\/li>\n<li>100% sin ftalatos<\/li>\n<li>Certificaci\u00f3n Oeko-Tex<\/li>\n<\/ul>\n<p style=\"text-align: left;\"><strong>7 &#8211; Documentos t\u00e9cnicos y posibles pruebas:<\/strong><\/p>\n<ul style=\"text-align: left;\">\n<li>EN ISO 9239-1<\/li>\n<li>EN ISO 13501-1<\/li>\n<li>EN 1307: 2014<\/li>\n<\/ul>\n<p style=\"text-align: left;\"><strong>8 &#8211; Indicaci\u00f3n de las normas t\u00e9cnicas que se declara que cumple el producto<\/strong>:<\/p>\n<ul style=\"text-align: left;\">\n<li>Directiva 2001\/95\/CE<\/li>\n<li>Reglamento UE 1007\/2011 modificado.<\/li>\n<li>Ley no. 883\/73<\/li>\n<li>DECRETO PRESIDENCIAL 515\/76<\/li>\n<li>Decreto Legislativo n\u00fam. 194\/99<\/li>\n<li>D. Decreto Legislativo 6\/9\/2005 n\u00ba 206 C\u00f3digo de Consumo  <\/li>\n<li>Decreto Legislativo. 133\/2009<\/li>\n<li>Reglamento (CE) n\u00ba 1907\/2006 (Reach) modificado. <\/li>\n<li>Reg. CE n\u00fam.  765\/2008<\/li>\n<\/ul>\n<p style=\"text-align: left;\"><strong>9 &#8211; Lista de piezas<\/strong>:<\/p>\n<ul style=\"text-align: left;\">\n<li>Tama\u00f1o de la alfombra aprox. 90x150cm fabricada en 100% poliamida<\/li>\n<li>Software dedicado para el desarrollo de ejercicios combinados con la colchoneta<\/li>\n<\/ul>\n<p>&nbsp;<\/p>\n<p style=\"text-align: left;\"><em>Revisi\u00f3n n\u00ba 1 de febrero de 2024<\/em><\/p>\n[\/vc_column_text][divider line_type=\u00bbNo Line\u00bb custom_height=\u00bb1&#8243;][\/vc_column_inner][\/vc_row_inner][\/vc_column][\/vc_row][vc_row type=\u00bbfull_width_content\u00bb full_screen_row_position=\u00bbmiddle\u00bb column_margin=\u00bbdefault\u00bb equal_height=\u00bbyes\u00bb column_direction=\u00bbdefault\u00bb column_direction_tablet=\u00bbdefault\u00bb column_direction_phone=\u00bbdefault\u00bb bg_color=\u00bb#000428&#8243; mouse_based_parallax_bg=\u00bbtrue\u00bb scene_position=\u00bbcenter\u00bb text_color=\u00bblight\u00bb text_align=\u00bbleft\u00bb row_border_radius=\u00bbnone\u00bb row_border_radius_applies=\u00bbbg\u00bb overflow=\u00bbvisible\u00bb advanced_gradient=\u00bblinear-gradient(45deg, rgb(0,2,23) 18%, rgb(0,67,149) 49%, rgb(0,2,23) 83%)\u00bb advanced_gradient_angle=\u00bb45&#8243; shape_divider_position=\u00bbbottom\u00bb bg_image_animation=\u00bbnone\u00bb parallax_bg=\u00bbtrue\u00bb parallax_bg_speed=\u00bbfast\u00bb shape_type=\u00bb\u00bb gradient_type=\u00bbadvanced\u00bb advanced_gradient_display_type=\u00bblinear\u00bb][vc_column column_padding=\u00bbno-extra-padding\u00bb column_padding_tablet=\u00bbinherit\u00bb column_padding_phone=\u00bbinherit\u00bb column_padding_position=\u00bball\u00bb column_element_direction_desktop=\u00bbdefault\u00bb column_element_spacing=\u00bbdefault\u00bb centered_text=\u00bbtrue\u00bb desktop_text_alignment=\u00bbdefault\u00bb tablet_text_alignment=\u00bbdefault\u00bb phone_text_alignment=\u00bbdefault\u00bb sticky_content=\u00bbtrue\u00bb sticky_content_functionality=\u00bbjs\u00bb background_color_opacity=\u00bb0.6&#8243; background_hover_color_opacity=\u00bb1&#8243; video_bg=\u00bbuse_video\u00bb background_video_loading=\u00bbdefault\u00bb column_backdrop_filter=\u00bbnone\u00bb column_shadow=\u00bbnone\u00bb column_border_radius=\u00bbnone\u00bb column_link_target=\u00bb_self\u00bb column_position=\u00bbdefault\u00bb gradient_direction=\u00bbleft_to_right\u00bb overlay_strength=\u00bb0.3&#8243; width=\u00bb1\/1&#8243; tablet_width_inherit=\u00bbdefault\u00bb animation_type=\u00bbdefault\u00bb bg_image_animation=\u00bbnone\u00bb border_type=\u00bbsimple\u00bb column_border_width=\u00bbnone\u00bb column_border_style=\u00bbsolid\u00bb column_padding_type=\u00bbdefault\u00bb gradient_type=\u00bbdefault\u00bb][\/vc_column][\/vc_row]\n","protected":false},"excerpt":{"rendered":"<p>[vc_row type=\u00bbfull_width_content\u00bb full_screen_row_position=\u00bbmiddle\u00bb column_margin=\u00bbdefault\u00bb equal_height=\u00bbyes\u00bb column_direction=\u00bbdefault\u00bb column_direction_tablet=\u00bbdefault\u00bb column_direction_phone=\u00bbdefault\u00bb bg_color=\u00bb#000428&#8243; mouse_based_parallax_bg=\u00bbtrue\u00bb scene_position=\u00bbcenter\u00bb text_color=\u00bblight\u00bb text_align=\u00bbleft\u00bb row_border_radius=\u00bbnone\u00bb row_border_radius_applies=\u00bbbg\u00bb overflow=\u00bbvisible\u00bb advanced_gradient=\u00bblinear-gradient(45deg, rgb(0,2,23) 18%, rgb(0,67,149) 49%, rgb(0,2,23) 83%)\u00bb advanced_gradient_angle=\u00bb45&#8243; shape_divider_position=\u00bbbottom\u00bb bg_image_animation=\u00bbnone\u00bb parallax_bg=\u00bbtrue\u00bb parallax_bg_speed=\u00bbfast\u00bb shape_type=\u00bb\u00bb gradient_type=\u00bbadvanced\u00bb&#8230;<\/p>\n","protected":false},"author":2,"featured_media":0,"parent":0,"menu_order":20,"comment_status":"closed","ping_status":"closed","template":"","meta":{"footnotes":""},"class_list":["post-10946","page","type-page","status-publish"],"_links":{"self":[{"href":"https:\/\/tiki-taka.it\/es\/wp-json\/wp\/v2\/pages\/10946","targetHints":{"allow":["GET"]}}],"collection":[{"href":"https:\/\/tiki-taka.it\/es\/wp-json\/wp\/v2\/pages"}],"about":[{"href":"https:\/\/tiki-taka.it\/es\/wp-json\/wp\/v2\/types\/page"}],"author":[{"embeddable":true,"href":"https:\/\/tiki-taka.it\/es\/wp-json\/wp\/v2\/users\/2"}],"replies":[{"embeddable":true,"href":"https:\/\/tiki-taka.it\/es\/wp-json\/wp\/v2\/comments?post=10946"}],"version-history":[{"count":9,"href":"https:\/\/tiki-taka.it\/es\/wp-json\/wp\/v2\/pages\/10946\/revisions"}],"predecessor-version":[{"id":11182,"href":"https:\/\/tiki-taka.it\/es\/wp-json\/wp\/v2\/pages\/10946\/revisions\/11182"}],"wp:attachment":[{"href":"https:\/\/tiki-taka.it\/es\/wp-json\/wp\/v2\/media?parent=10946"}],"curies":[{"name":"wp","href":"https:\/\/api.w.org\/{rel}","templated":true}]}}