{"id":10930,"date":"2024-03-04T16:42:58","date_gmt":"2024-03-04T16:42:58","guid":{"rendered":"https:\/\/dribblium.com\/informacion-de-envio\/"},"modified":"2025-10-30T11:42:42","modified_gmt":"2025-10-30T11:42:42","slug":"informacion-de-envio","status":"publish","type":"page","link":"https:\/\/tiki-taka.it\/es\/informacion-de-envio\/","title":{"rendered":"Informaci\u00f3n de env\u00edo"},"content":{"rendered":"<h1>INFORMACI\u00d3N DE ENV\u00cdO<\/h1>\n<p>&nbsp;<\/p>\n<p>Es importante empezar dejando claro a los clientes que el tiempo de procesamiento del pedido es independiente del tiempo de env\u00edo que ven en el momento del pago.<br \/>\nTodos los pedidos se procesan en el plazo de 1 d\u00eda laborable (excluidos fines de semana y festivos).<br \/>\nLos pedidos se env\u00edan de lunes a viernes, los pedidos de fin de semana se env\u00edan lunes y martes.<br \/>\nEl tiempo estimado de env\u00edo comienza el d\u00eda en que se env\u00eda el pedido. Todos los pedidos recogidos antes de las 11.00 h del mismo d\u00eda se env\u00edan por la tarde. <\/p>\n<p><strong>Plazo de entrega<\/strong><br \/>\nItalia 2 d\u00edas laborables (mensajer\u00eda Bartolini)<br \/>\nEuropa 8-10 d\u00edas laborables (dependiendo de la ubicaci\u00f3n la mensajer\u00eda ser\u00e1 DHL\/UPS\/BARTOLINI\/POSTE)<\/p>\n<p><strong>Env\u00edo internacional<\/strong><br \/>\nTarifas de env\u00edo a Europa. Ofrecemos env\u00edos internacionales a Europa. Tu pedido puede estar sujeto a derechos e impuestos de importaci\u00f3n (incluido el IVA), que se producen una vez que el env\u00edo llega al pa\u00eds de destino. Dribblium no se hace responsable de estos cargos si se aplican y son responsabilidad del cliente.   <\/p>\n<p><strong>\u00bfC\u00f3mo puedo comprobar el estado de mi pedido?<\/strong><br \/>\nCuando se haya enviado tu pedido, recibir\u00e1s una notificaci\u00f3n por correo electr\u00f3nico que incluir\u00e1 un n\u00famero de seguimiento que podr\u00e1s utilizar para comprobar su estado. Por favor, espera 24 horas para que la informaci\u00f3n de seguimiento est\u00e9 disponible. Si no has recibido tu pedido en los 7 d\u00edas siguientes a la recepci\u00f3n del correo electr\u00f3nico de confirmaci\u00f3n del env\u00edo, ponte en contacto con nosotros en <a href=\"mailto:logistica@dribblium.com\">logistica@dribblium.com<\/a> con tu nombre y n\u00famero de pedido y lo revisaremos por ti.  <\/p>\n","protected":false},"excerpt":{"rendered":"<p>INFORMACI\u00d3N DE ENV\u00cdO &nbsp; Es importante empezar dejando claro a los clientes que el tiempo de procesamiento del pedido es independiente del tiempo de env\u00edo que ven en el momento&#8230;<\/p>\n","protected":false},"author":2,"featured_media":0,"parent":0,"menu_order":31,"comment_status":"closed","ping_status":"closed","template":"","meta":{"footnotes":""},"class_list":["post-10930","page","type-page","status-publish"],"_links":{"self":[{"href":"https:\/\/tiki-taka.it\/es\/wp-json\/wp\/v2\/pages\/10930","targetHints":{"allow":["GET"]}}],"collection":[{"href":"https:\/\/tiki-taka.it\/es\/wp-json\/wp\/v2\/pages"}],"about":[{"href":"https:\/\/tiki-taka.it\/es\/wp-json\/wp\/v2\/types\/page"}],"author":[{"embeddable":true,"href":"https:\/\/tiki-taka.it\/es\/wp-json\/wp\/v2\/users\/2"}],"replies":[{"embeddable":true,"href":"https:\/\/tiki-taka.it\/es\/wp-json\/wp\/v2\/comments?post=10930"}],"version-history":[{"count":1,"href":"https:\/\/tiki-taka.it\/es\/wp-json\/wp\/v2\/pages\/10930\/revisions"}],"predecessor-version":[{"id":10931,"href":"https:\/\/tiki-taka.it\/es\/wp-json\/wp\/v2\/pages\/10930\/revisions\/10931"}],"wp:attachment":[{"href":"https:\/\/tiki-taka.it\/es\/wp-json\/wp\/v2\/media?parent=10930"}],"curies":[{"name":"wp","href":"https:\/\/api.w.org\/{rel}","templated":true}]}}